{"id":59,"date":"2024-06-02T21:45:58","date_gmt":"2024-06-02T19:45:58","guid":{"rendered":"https:\/\/podatki.swiebodzin.pl\/?page_id=59"},"modified":"2024-06-21T22:17:54","modified_gmt":"2024-06-21T20:17:54","slug":"our-story","status":"publish","type":"page","link":"https:\/\/podatki.swiebodzin.pl\/?page_id=59","title":{"rendered":"Our Story"},"content":{"rendered":"\t\t<div data-elementor-type=\"wp-page\" data-elementor-id=\"59\" class=\"elementor elementor-59\">\n\t\t\t\t<div class=\"elementor-element elementor-element-47a8853c e-con-full e-flex e-con e-parent\" data-id=\"47a8853c\" data-element_type=\"container\">\n\t\t<div class=\"elementor-element elementor-element-17565af1 e-con-full e-flex e-con e-child\" data-id=\"17565af1\" data-element_type=\"container\" data-settings=\"{&quot;background_background&quot;:&quot;classic&quot;}\">\n\t\t\t\t<\/div>\n\t\t<div class=\"elementor-element elementor-element-8734fb e-con-full e-flex e-con e-child\" data-id=\"8734fb\" data-element_type=\"container\">\n\t\t\t\t<div class=\"elementor-element elementor-element-3fd0410 elementor-widget elementor-widget-heading\" data-id=\"3fd0410\" data-element_type=\"widget\" data-widget_type=\"heading.default\">\n\t\t\t\t<div class=\"elementor-widget-container\">\n\t\t\t\t\t<h1 class=\"elementor-heading-title elementor-size-default\">Beata Lange-Buszkiewicz<\/h1>\t\t\t\t<\/div>\n\t\t\t\t<\/div>\n\t\t\t\t<div class=\"elementor-element elementor-element-12836e92 elementor-widget elementor-widget-heading\" data-id=\"12836e92\" data-element_type=\"widget\" data-widget_type=\"heading.default\">\n\t\t\t\t<div class=\"elementor-widget-container\">\n\t\t\t\t\t<h6 class=\"elementor-heading-title elementor-size-default\">doradca podatkowy\u00a0nr\u00a0wpisu 14765<\/h6>\t\t\t\t<\/div>\n\t\t\t\t<\/div>\n\t\t\t\t<div class=\"elementor-element elementor-element-662ba29b elementor-invisible elementor-widget elementor-widget-text-editor\" data-id=\"662ba29b\" data-element_type=\"widget\" data-settings=\"{&quot;_animation&quot;:&quot;fadeIn&quot;,&quot;_animation_delay&quot;:400}\" data-widget_type=\"text-editor.default\">\n\t\t\t\t<div class=\"elementor-widget-container\">\n\t\t\t\t\t\t\t\t\t<p>Absolwentka kierunku studi\u00f3w \u201eFinanse i rachunkowo\u015b\u0107\u201d oraz studi\u00f3w podyplomowych \u201ePodatki i doradztwo podatkowe\u201d na\u00a0Uniwersytecie Ekonomicznym w Poznaniu.\u00a0<\/p><p>Od\u00a0kilku lat moja praca zawodowa koncentruje si\u0119 wok\u00f3\u0142 ksi\u0119gowo\u015bci, kadr i p\u0142ac oraz doradztwa podatkowego.<\/p><p>Prywatnie pasjonatka podr\u00f3\u017cy i\u00a0zdrowego stylu \u017cycia.<\/p>\t\t\t\t\t\t\t\t<\/div>\n\t\t\t\t<\/div>\n\t\t\t\t<\/div>\n\t\t\t\t<\/div>\n\t\t\t\t<\/div>\n\t\t","protected":false},"excerpt":{"rendered":"<p>Beata Lange-Buszkiewicz doradca podatkowy\u00a0nr\u00a0wpisu 14765 Absolwentka kierunku studi\u00f3w \u201eFinanse i rachunkowo\u015b\u0107\u201d oraz studi\u00f3w podyplomowych \u201ePodatki i doradztwo podatkowe\u201d na\u00a0Uniwersytecie Ekonomicznym w Poznaniu.\u00a0 Od\u00a0kilku lat moja praca zawodowa koncentruje si\u0119 wok\u00f3\u0142 ksi\u0119gowo\u015bci, kadr i p\u0142ac oraz doradztwa podatkowego. Prywatnie pasjonatka podr\u00f3\u017cy i\u00a0zdrowego stylu \u017cycia.<\/p>\n","protected":false},"author":1,"featured_media":0,"parent":0,"menu_order":0,"comment_status":"closed","ping_status":"closed","template":"elementor_header_footer","meta":{"footnotes":""},"class_list":["post-59","page","type-page","status-publish","hentry"],"_links":{"self":[{"href":"https:\/\/podatki.swiebodzin.pl\/index.php?rest_route=\/wp\/v2\/pages\/59","targetHints":{"allow":["GET"]}}],"collection":[{"href":"https:\/\/podatki.swiebodzin.pl\/index.php?rest_route=\/wp\/v2\/pages"}],"about":[{"href":"https:\/\/podatki.swiebodzin.pl\/index.php?rest_route=\/wp\/v2\/types\/page"}],"author":[{"embeddable":true,"href":"https:\/\/podatki.swiebodzin.pl\/index.php?rest_route=\/wp\/v2\/users\/1"}],"replies":[{"embeddable":true,"href":"https:\/\/podatki.swiebodzin.pl\/index.php?rest_route=%2Fwp%2Fv2%2Fcomments&post=59"}],"version-history":[{"count":31,"href":"https:\/\/podatki.swiebodzin.pl\/index.php?rest_route=\/wp\/v2\/pages\/59\/revisions"}],"predecessor-version":[{"id":564,"href":"https:\/\/podatki.swiebodzin.pl\/index.php?rest_route=\/wp\/v2\/pages\/59\/revisions\/564"}],"wp:attachment":[{"href":"https:\/\/podatki.swiebodzin.pl\/index.php?rest_route=%2Fwp%2Fv2%2Fmedia&parent=59"}],"curies":[{"name":"wp","href":"https:\/\/api.w.org\/{rel}","templated":true}]}}