{"id":588,"date":"2024-06-21T22:44:37","date_gmt":"2024-06-21T20:44:37","guid":{"rendered":"https:\/\/podatki.swiebodzin.pl\/?page_id=588"},"modified":"2024-06-25T12:40:20","modified_gmt":"2024-06-25T10:40:20","slug":"elementor-588","status":"publish","type":"page","link":"https:\/\/podatki.swiebodzin.pl\/?page_id=588","title":{"rendered":""},"content":{"rendered":"\n<p class=\"has-text-align-center myHeader2\">Aktualno\u015bci<\/p>\n\n\n\n<div class=\"wp-block-columns are-vertically-aligned-center is-layout-flex wp-container-core-columns-is-layout-9d6595d7 wp-block-columns-is-layout-flex\">\n<div class=\"wp-block-column is-vertically-aligned-center is-layout-flow wp-block-column-is-layout-flow\">\n<p><\/p>\n\n\n\n<p class=\"has-text-align-left myAcapit1\">Moja strona powsta\u0142a r\u00f3wnie\u017c z my\u015bl\u0105 o osobach, kt\u00f3re poszukuj\u0105 bie\u017c\u0105cych, rzetelnych oraz sprawdzonych informacji z&nbsp;zakresu prawa podatkowego, kadr i p\u0142ac oraz ZUS.<br><br>Ten dzia\u0142 jest r\u00f3wnie\u017c idealnym miejscem dla os\u00f3b, kt\u00f3re interesuj\u0105 si\u0119 zawodem doradcy podatkowego i by\u0107 mo\u017ce chc\u0105 zwi\u0105za\u0107 swoj\u0105 przysz\u0142o\u015b\u0107 z doradztwem podatkowym. <\/p>\n\n\n\n<p class=\"has-text-align-left myAcapit1\"><br>Tu zajdziecie informacje na temat wykonywania zawodu oraz egzamin\u00f3w.<\/p>\n\n\n\n<p class=\"has-text-align-left myAcapit1\"><br>Zapraszam do lektury i <a href=\"https:\/\/podatki.swiebodzin.pl\/?page_id=63#kontakt\">kontaktu!<\/a><\/p>\n<\/div>\n\n\n\n<div class=\"wp-block-column is-vertically-aligned-center is-layout-flow wp-block-column-is-layout-flow\"><div class=\"wp-block-image\">\n<figure class=\"aligncenter size-large is-resized\"><img fetchpriority=\"high\" decoding=\"async\" width=\"719\" height=\"1024\" src=\"http:\/\/podatki.swiebodzin.pl\/wp-content\/uploads\/2024\/06\/DSC_6429-719x1024.jpg\" alt=\"\" class=\"wp-image-557\" style=\"width:414px;height:auto\" srcset=\"https:\/\/podatki.swiebodzin.pl\/wp-content\/uploads\/2024\/06\/DSC_6429-719x1024.jpg 719w, https:\/\/podatki.swiebodzin.pl\/wp-content\/uploads\/2024\/06\/DSC_6429-210x300.jpg 210w, https:\/\/podatki.swiebodzin.pl\/wp-content\/uploads\/2024\/06\/DSC_6429-768x1095.jpg 768w, https:\/\/podatki.swiebodzin.pl\/wp-content\/uploads\/2024\/06\/DSC_6429-1078x1536.jpg 1078w, https:\/\/podatki.swiebodzin.pl\/wp-content\/uploads\/2024\/06\/DSC_6429.jpg 1437w\" sizes=\"(max-width: 719px) 100vw, 719px\" \/><\/figure>\n<\/div><\/div>\n<\/div>\n\n\n\n<hr class=\"wp-block-separator has-alpha-channel-opacity\"\/>\n\n\n<ul class=\"wp-block-latest-posts__list has-dates has-author wp-block-latest-posts\"><li><a class=\"wp-block-latest-posts__post-title\" href=\"https:\/\/podatki.swiebodzin.pl\/?p=884\">Dzia\u0142alno\u015b\u0107 nierejestrowana w 2025 roku<\/a><div class=\"wp-block-latest-posts__post-author\">przez Beata Lange-Buszkiewicz<\/div><time datetime=\"2025-03-30T23:18:11+02:00\" class=\"wp-block-latest-posts__post-date\">2025-03-30<\/time><div class=\"wp-block-latest-posts__post-excerpt\">Dzia\u0142alno\u015b\u0107 nierejestrowana &#8211; to forma prowadzenia dzia\u0142alno\u015bci gospodarczej w Polsce, kt\u00f3ra zosta\u0142a wprowadzona w \u017cycie 30 kwietnia 2018 roku. Jest to rozwi\u0105zanie skierowane do os\u00f3b, kt\u00f3re chc\u0105 spr\u00f3bowa\u0107 swoich si\u0142 w biznesie, nie rejestruj\u0105c firmy ani nie podlegaj\u0105c obowi\u0105zkowym sk\u0142adkom ZUS. UWAGA! Dzia\u0142alno\u015b\u0107 nierejestrowana to taka, kt\u00f3ra wykonywana jest przez\u00a0osob\u0119 fizyczn\u0105, kt\u00f3rej przych\u00f3d nale\u017cny z\u00a0tej\u2026 <a class=\"wp-block-latest-posts__read-more\" href=\"https:\/\/podatki.swiebodzin.pl\/?p=884\" rel=\"noopener noreferrer\">Dowiedz si\u0119 wi\u0119cej<span class=\"screen-reader-text\">: Dzia\u0142alno\u015b\u0107 nierejestrowana w 2025 roku<\/span><\/a><\/div><\/li>\n<li><a class=\"wp-block-latest-posts__post-title\" href=\"https:\/\/podatki.swiebodzin.pl\/?p=877\">Obowi\u0105zki, urlopy i \u015bwiadczenia zwi\u0105zane z narodzinami dziecka<\/a><div class=\"wp-block-latest-posts__post-author\">przez Beata Lange-Buszkiewicz<\/div><time datetime=\"2024-11-27T10:16:51+01:00\" class=\"wp-block-latest-posts__post-date\">2024-11-27<\/time><div class=\"wp-block-latest-posts__post-excerpt\">1.1. Urlop okoliczno\u015bciowy Urlop okoliczno\u015bciowy przys\u0142uguje wy\u0142\u0105cznie ojcu dziecka. Matka nie mo\u017ce z niego skorzysta\u0107, poniewa\u017c urlop ten przys\u0142uguje co do zasady na okoliczno\u015b\u0107 i jego celem jest nieobecno\u015b\u0107, a przecie\u017c matka w dniu porodu przebywa na urlopie macierzy\u0144skim, co jest r\u00f3wnoznaczne z nieobecno\u015bci\u0105 i brakiem konieczno\u015bci zwolnienia z pracy na okoliczno\u015b\u0107 narodzin. Wymiar urlopu\u2026 <a class=\"wp-block-latest-posts__read-more\" href=\"https:\/\/podatki.swiebodzin.pl\/?p=877\" rel=\"noopener noreferrer\">Dowiedz si\u0119 wi\u0119cej<span class=\"screen-reader-text\">: Obowi\u0105zki, urlopy i \u015bwiadczenia zwi\u0105zane z narodzinami dziecka<\/span><\/a><\/div><\/li>\n<li><a class=\"wp-block-latest-posts__post-title\" href=\"https:\/\/podatki.swiebodzin.pl\/?p=871\">Wynagrodzenie minimalne w 2025 roku<\/a><div class=\"wp-block-latest-posts__post-author\">przez Beata Lange-Buszkiewicz<\/div><time datetime=\"2024-11-05T14:24:21+01:00\" class=\"wp-block-latest-posts__post-date\">2024-11-05<\/time><div class=\"wp-block-latest-posts__post-excerpt\">W 2025 roku p\u0142aca minimalna wzro\u015bnie tylko raz Zgodnie z przepisami rozporz\u0105dzenia Rady Ministr\u00f3w z dnia 12 wrze\u015bnia 2024 roku p\u0142aca minimalna w 2025 roku wzro\u015bnie tylko raz &#8211; od 1 stycznia 2025 roku do 4666 z\u0142, co oznacza wzrost o 366 z\u0142 w stosunku do wysoko\u015bci minimalnego wynagrodzenia jaka obowi\u0105zuje od 1 lipca 2024\u2026 <a class=\"wp-block-latest-posts__read-more\" href=\"https:\/\/podatki.swiebodzin.pl\/?p=871\" rel=\"noopener noreferrer\">Dowiedz si\u0119 wi\u0119cej<span class=\"screen-reader-text\">: Wynagrodzenie minimalne w 2025 roku<\/span><\/a><\/div><\/li>\n<li><a class=\"wp-block-latest-posts__post-title\" href=\"https:\/\/podatki.swiebodzin.pl\/?p=865\">Wakacje od sk\u0142adek ZUS &#8211; wskaz\u00f3wki dla przedsi\u0119biorc\u00f3w<\/a><div class=\"wp-block-latest-posts__post-author\">przez Beata Lange-Buszkiewicz<\/div><time datetime=\"2024-10-22T11:01:55+02:00\" class=\"wp-block-latest-posts__post-date\">2024-10-22<\/time><div class=\"wp-block-latest-posts__post-excerpt\">Od 1 listopada 2024 roku przedsi\u0119biorcy b\u0119d\u0105 mogli z\u0142o\u017cy\u0107 wniosek do ZUS, a ju\u017c w grudniu 2024 roku b\u0119d\u0105 mogli korzysta\u0107 z tego rozwi\u0105zania. Jakie warunki musi spe\u0142ni\u0107 przedsi\u0119biorca, aby skorzysta\u0107 z wakacji sk\u0142adkowych? Ze zwolnienia z op\u0142acania sk\u0142adek ZUS skorzysta przedsi\u0119biorca, kt\u00f3ry spe\u0142ni nast\u0119puj\u0105ce warunki: Zwolnienie z op\u0142acania sk\u0142adek ZUS w ramach wakacji sk\u0142adkowych\u2026 <a class=\"wp-block-latest-posts__read-more\" href=\"https:\/\/podatki.swiebodzin.pl\/?p=865\" rel=\"noopener noreferrer\">Dowiedz si\u0119 wi\u0119cej<span class=\"screen-reader-text\">: Wakacje od sk\u0142adek ZUS &#8211; wskaz\u00f3wki dla przedsi\u0119biorc\u00f3w<\/span><\/a><\/div><\/li>\n<li><div class=\"wp-block-latest-posts__featured-image\"><img decoding=\"async\" width=\"150\" height=\"150\" src=\"https:\/\/podatki.swiebodzin.pl\/wp-content\/uploads\/2024\/09\/woman-shaking-hands-with-business-partner-150x150.jpg\" class=\"attachment-thumbnail size-thumbnail wp-post-image\" alt=\"\" style=\"max-width:150px;max-height:150px;\" \/><\/div><a class=\"wp-block-latest-posts__post-title\" href=\"https:\/\/podatki.swiebodzin.pl\/?p=860\">Zarz\u0105d sukcesyjny przedsi\u0119biorstwem osoby fizycznej<\/a><div class=\"wp-block-latest-posts__post-author\">przez Beata Lange-Buszkiewicz<\/div><time datetime=\"2024-09-12T21:45:08+02:00\" class=\"wp-block-latest-posts__post-date\">2024-09-12<\/time><div class=\"wp-block-latest-posts__post-excerpt\">Prowadzenie jednoosobowej dzia\u0142alno\u015bci gospodarczej wi\u0105za\u0142o si\u0119 z du\u017cym ryzykiem. A mianowicie, \u015bmier\u0107 osoby fizycznej prowadz\u0105cej dzia\u0142alno\u015b\u0107 gospodarcz\u0105 jednoosobowo powodowa\u0142a, i\u017c po jej \u015bmierci przedsi\u0119biorstwo to przestawa\u0142o funkcjonowa\u0107. Bliscy zmar\u0142ego nie mogli kontynuowa\u0107 dzia\u0142alno\u015bci gospodarczej po zmar\u0142ym przedsi\u0119biorcy.\u00a0Sytuacj\u0119 t\u0119 zmieni\u0142a ustawa z 5 lipca 2018 roku o zarz\u0105dzie sukcesyjnym przedsi\u0119biorstwem osoby fizycznej i innych u\u0142atwieniach zwi\u0105zanych\u2026 <a class=\"wp-block-latest-posts__read-more\" href=\"https:\/\/podatki.swiebodzin.pl\/?p=860\" rel=\"noopener noreferrer\">Dowiedz si\u0119 wi\u0119cej<span class=\"screen-reader-text\">: Zarz\u0105d sukcesyjny przedsi\u0119biorstwem osoby fizycznej<\/span><\/a><\/div><\/li>\n<li><div class=\"wp-block-latest-posts__featured-image\"><img decoding=\"async\" width=\"150\" height=\"150\" src=\"https:\/\/podatki.swiebodzin.pl\/wp-content\/uploads\/2024\/06\/pexels-karolina-grabowska-4476375-150x150.jpg\" class=\"attachment-thumbnail size-thumbnail wp-post-image\" alt=\"\" style=\"max-width:150px;max-height:150px;\" \/><\/div><a class=\"wp-block-latest-posts__post-title\" href=\"https:\/\/podatki.swiebodzin.pl\/?p=854\">Ugody frankowe, wygrana w s\u0105dzie &#8211; co z podatkiem?<\/a><div class=\"wp-block-latest-posts__post-author\">przez Beata Lange-Buszkiewicz<\/div><time datetime=\"2024-08-30T13:50:48+02:00\" class=\"wp-block-latest-posts__post-date\">2024-08-30<\/time><div class=\"wp-block-latest-posts__post-excerpt\">Wygrana z bankiem w sprawie frankowej a podatek Podatek dochodowy nie obejmuje co do zasady zwi\u0119kszenia maj\u0105tku, kt\u00f3rego \u017ar\u00f3d\u0142em jest wyrok lub ugoda s\u0105dowa. W przypadku, kiedy sp\u00f3r z bankiem zako\u0144czy\u0142 si\u0119 w nast\u0119pstwie post\u0119powania s\u0105dowego (wyrokiem lub ugod\u0105 s\u0105dow\u0105), strona nie musi odprowadza\u0107 podatku dochodowego. Tym samym wygranie sprawy frankowej NIGDY nie jest zwi\u0105zane\u2026 <a class=\"wp-block-latest-posts__read-more\" href=\"https:\/\/podatki.swiebodzin.pl\/?p=854\" rel=\"noopener noreferrer\">Dowiedz si\u0119 wi\u0119cej<span class=\"screen-reader-text\">: Ugody frankowe, wygrana w s\u0105dzie &#8211; co z podatkiem?<\/span><\/a><\/div><\/li>\n<li><div class=\"wp-block-latest-posts__featured-image\"><img loading=\"lazy\" decoding=\"async\" width=\"150\" height=\"150\" src=\"https:\/\/podatki.swiebodzin.pl\/wp-content\/uploads\/2024\/08\/kid-earning-money-future-150x150.jpg\" class=\"attachment-thumbnail size-thumbnail wp-post-image\" alt=\"\" style=\"max-width:150px;max-height:150px;\" \/><\/div><a class=\"wp-block-latest-posts__post-title\" href=\"https:\/\/podatki.swiebodzin.pl\/?p=844\">Aktywny Rodzic &#8211; nowe \u015bwiadczenia dla rodzin<\/a><div class=\"wp-block-latest-posts__post-author\">przez Beata Lange-Buszkiewicz<\/div><time datetime=\"2024-08-05T10:55:33+02:00\" class=\"wp-block-latest-posts__post-date\">2024-08-05<\/time><div class=\"wp-block-latest-posts__post-excerpt\">Od 1 pa\u017adziernika 2024 r. ruszy program Aktywny Rodzic, kt\u00f3ry wprowadza nowe \u015bwiadczenia pieni\u0119\u017cne dla rodzin. Program ma u\u0142atwi\u0107 rodzicom pogodzenie zada\u0144 zwi\u0105zanych z rodzicielstwem i&nbsp;aktywizacj\u0105 zawodow\u0105. Nowe \u015bwiadczenia to&nbsp;\u0142\u0105cznie nawet 36 tys. z\u0142 na dziecko w wieku od 12. do 35. miesi\u0105ca \u017cycia \u2013 niezale\u017cnie od dochod\u00f3w. Program \u201eAktywny rodzic\u201d jest przeznaczony dla rodzic\u00f3w\u2026 <a class=\"wp-block-latest-posts__read-more\" href=\"https:\/\/podatki.swiebodzin.pl\/?p=844\" rel=\"noopener noreferrer\">Dowiedz si\u0119 wi\u0119cej<span class=\"screen-reader-text\">: Aktywny Rodzic &#8211; nowe \u015bwiadczenia dla rodzin<\/span><\/a><\/div><\/li>\n<li><a class=\"wp-block-latest-posts__post-title\" href=\"https:\/\/podatki.swiebodzin.pl\/?p=839\">Trudniej o ulg\u0119 termomodernizacyjn\u0105 &#8211; nowe podej\u015bcie szefa KAS<\/a><div class=\"wp-block-latest-posts__post-author\">przez Beata Lange-Buszkiewicz<\/div><time datetime=\"2024-07-10T13:04:21+02:00\" class=\"wp-block-latest-posts__post-date\">2024-07-10<\/time><div class=\"wp-block-latest-posts__post-excerpt\">Osoby, kt\u00f3re dokona\u0142y termomodernizacji budynku i chcia\u0142yby skorzysta\u0107 z ulgi w zeznaniu rocznym, powinny zachowa\u0107 ostro\u017cno\u015b\u0107 i dok\u0142adnie przeanalizowa\u0107 swoj\u0105 sytuacj\u0119. Fiskus zmieni\u0142 bowiem zdanie w zakresie prawa do odliczenia ulgi w PIT. Ulga termomodernizacyjna obowi\u0105zuje od 2019 r., jej interpretacje by\u0142y ju\u017c kilkakrotnie zmieniane &#8211; na korzy\u015b\u0107, jak i na niekorzy\u015b\u0107 podatnik\u00f3w. Teraz szef\u2026 <a class=\"wp-block-latest-posts__read-more\" href=\"https:\/\/podatki.swiebodzin.pl\/?p=839\" rel=\"noopener noreferrer\">Dowiedz si\u0119 wi\u0119cej<span class=\"screen-reader-text\">: Trudniej o ulg\u0119 termomodernizacyjn\u0105 &#8211; nowe podej\u015bcie szefa KAS<\/span><\/a><\/div><\/li>\n<li><a class=\"wp-block-latest-posts__post-title\" href=\"https:\/\/podatki.swiebodzin.pl\/?p=882\">Test<\/a><div class=\"wp-block-latest-posts__post-author\">przez admin<\/div><time datetime=\"2024-06-23T09:07:49+02:00\" class=\"wp-block-latest-posts__post-date\">2024-06-23<\/time><div class=\"wp-block-latest-posts__post-excerpt\"><\/div><\/li>\n<\/ul>\n\n\n<hr class=\"wp-block-separator has-alpha-channel-opacity\"\/>\n\n\n\n<p><\/p>\n","protected":false},"excerpt":{"rendered":"<p>Aktualno\u015bci Moja strona powsta\u0142a r\u00f3wnie\u017c z my\u015bl\u0105 o osobach, kt\u00f3re poszukuj\u0105 bie\u017c\u0105cych, rzetelnych oraz sprawdzonych informacji z&nbsp;zakresu prawa podatkowego, kadr i p\u0142ac oraz ZUS. Ten dzia\u0142 jest r\u00f3wnie\u017c idealnym miejscem dla os\u00f3b, kt\u00f3re interesuj\u0105 si\u0119 zawodem doradcy podatkowego i by\u0107 mo\u017ce chc\u0105 zwi\u0105za\u0107 swoj\u0105 przysz\u0142o\u015b\u0107 z doradztwem podatkowym. Tu zajdziecie informacje na temat wykonywania zawodu [&hellip;]<\/p>\n","protected":false},"author":1,"featured_media":0,"parent":0,"menu_order":0,"comment_status":"closed","ping_status":"closed","template":"elementor_theme","meta":{"footnotes":""},"class_list":["post-588","page","type-page","status-publish","hentry"],"_links":{"self":[{"href":"https:\/\/podatki.swiebodzin.pl\/index.php?rest_route=\/wp\/v2\/pages\/588","targetHints":{"allow":["GET"]}}],"collection":[{"href":"https:\/\/podatki.swiebodzin.pl\/index.php?rest_route=\/wp\/v2\/pages"}],"about":[{"href":"https:\/\/podatki.swiebodzin.pl\/index.php?rest_route=\/wp\/v2\/types\/page"}],"author":[{"embeddable":true,"href":"https:\/\/podatki.swiebodzin.pl\/index.php?rest_route=\/wp\/v2\/users\/1"}],"replies":[{"embeddable":true,"href":"https:\/\/podatki.swiebodzin.pl\/index.php?rest_route=%2Fwp%2Fv2%2Fcomments&post=588"}],"version-history":[{"count":25,"href":"https:\/\/podatki.swiebodzin.pl\/index.php?rest_route=\/wp\/v2\/pages\/588\/revisions"}],"predecessor-version":[{"id":676,"href":"https:\/\/podatki.swiebodzin.pl\/index.php?rest_route=\/wp\/v2\/pages\/588\/revisions\/676"}],"wp:attachment":[{"href":"https:\/\/podatki.swiebodzin.pl\/index.php?rest_route=%2Fwp%2Fv2%2Fmedia&parent=588"}],"curies":[{"name":"wp","href":"https:\/\/api.w.org\/{rel}","templated":true}]}}